{"id":928,"date":"2021-11-26T17:04:57","date_gmt":"2021-11-26T16:04:57","guid":{"rendered":"https:\/\/www.ergowork.sk\/?page_id=928"},"modified":"2021-11-26T18:05:13","modified_gmt":"2021-11-26T17:05:13","slug":"na_stiahnutie","status":"publish","type":"page","link":"https:\/\/www.ergowork.sk\/index.php\/na_stiahnutie\/","title":{"rendered":"na_stiahnutie"},"content":{"rendered":"","protected":true},"excerpt":{"rendered":"","protected":true},"author":1,"featured_media":0,"parent":0,"menu_order":0,"comment_status":"closed","ping_status":"closed","template":"","meta":{"_mi_skip_tracking":false},"yoast_head":"<!-- This site is optimized with the Yoast SEO plugin v21.1 - https:\/\/yoast.com\/wordpress\/plugins\/seo\/ -->\n<title>na_stiahnutie - Pracovn\u00e1 zdravotn\u00e1 slu\u017eba - ErgoWork s.r.o.<\/title>\n<meta name=\"robots\" content=\"index, follow, max-snippet:-1, max-image-preview:large, max-video-preview:-1\" \/>\n<link rel=\"canonical\" href=\"https:\/\/www.ergowork.sk\/index.php\/na_stiahnutie\/\" \/>\n<meta property=\"og:locale\" content=\"sk_SK\" \/>\n<meta property=\"og:type\" content=\"article\" \/>\n<meta property=\"og:title\" content=\"na_stiahnutie - Pracovn\u00e1 zdravotn\u00e1 slu\u017eba - ErgoWork s.r.o.\" \/>\n<meta property=\"og:description\" content=\"\u010cl\u00e1nok nem\u00e1 zhrnutie, preto\u017ee je chr\u00e1nen\u00fd.\" \/>\n<meta property=\"og:url\" content=\"https:\/\/www.ergowork.sk\/index.php\/na_stiahnutie\/\" \/>\n<meta property=\"og:site_name\" content=\"Pracovn\u00e1 zdravotn\u00e1 slu\u017eba - ErgoWork s.r.o.\" \/>\n<meta property=\"article:modified_time\" content=\"2021-11-26T17:05:13+00:00\" \/>\n<meta name=\"twitter:card\" content=\"summary_large_image\" \/>\n<meta name=\"twitter:label1\" content=\"Predpokladan\u00fd \u010das \u010d\u00edtania\" \/>\n\t<meta name=\"twitter:data1\" content=\"1 min\u00fata\" \/>\n<script type=\"application\/ld+json\" class=\"yoast-schema-graph\">{\"@context\":\"https:\/\/schema.org\",\"@graph\":[{\"@type\":\"WebPage\",\"@id\":\"https:\/\/www.ergowork.sk\/index.php\/na_stiahnutie\/\",\"url\":\"https:\/\/www.ergowork.sk\/index.php\/na_stiahnutie\/\",\"name\":\"na_stiahnutie - Pracovn\u00e1 zdravotn\u00e1 slu\u017eba - ErgoWork s.r.o.\",\"isPartOf\":{\"@id\":\"https:\/\/www.ergowork.sk\/#website\"},\"datePublished\":\"2021-11-26T16:04:57+00:00\",\"dateModified\":\"2021-11-26T17:05:13+00:00\",\"breadcrumb\":{\"@id\":\"https:\/\/www.ergowork.sk\/index.php\/na_stiahnutie\/#breadcrumb\"},\"inLanguage\":\"sk-SK\"},{\"@type\":\"WebSite\",\"@id\":\"https:\/\/www.ergowork.sk\/#website\",\"url\":\"https:\/\/www.ergowork.sk\/\",\"name\":\"Pracovn\u00e1 zdravotn\u00e1 slu\u017eba - ErgoWork s.r.o.\",\"description\":\"Pracovn\u00e1 zdravotn\u00e1 slu\u017eba - ErgoWork s.r.o.\",\"publisher\":{\"@id\":\"https:\/\/www.ergowork.sk\/#organization\"},\"potentialAction\":[{\"@type\":\"SearchAction\",\"target\":{\"@type\":\"EntryPoint\",\"urlTemplate\":\"https:\/\/www.ergowork.sk\/?s={search_term_string}\"},\"query-input\":\"required name=search_term_string\"}],\"inLanguage\":\"sk-SK\"},{\"@type\":\"Organization\",\"@id\":\"https:\/\/www.ergowork.sk\/#organization\",\"name\":\"Pracovn\u00e1 zdravotn\u00e1 slu\u017eba - ErgoWork s.r.o.\",\"url\":\"https:\/\/www.ergowork.sk\/\",\"logo\":{\"@type\":\"ImageObject\",\"inLanguage\":\"sk-SK\",\"@id\":\"https:\/\/www.ergowork.sk\/#\/schema\/logo\/image\/\",\"url\":\"https:\/\/www.ergowork.sk\/wp-content\/uploads\/2021\/11\/logo_ergo_.png\",\"contentUrl\":\"https:\/\/www.ergowork.sk\/wp-content\/uploads\/2021\/11\/logo_ergo_.png\",\"width\":409,\"height\":183,\"caption\":\"Pracovn\u00e1 zdravotn\u00e1 slu\u017eba - ErgoWork s.r.o.\"},\"image\":{\"@id\":\"https:\/\/www.ergowork.sk\/#\/schema\/logo\/image\/\"}}]}<\/script>\n<!-- \/ Yoast SEO plugin. -->","yoast_head_json":{"title":"na_stiahnutie - Pracovn\u00e1 zdravotn\u00e1 slu\u017eba - ErgoWork s.r.o.","robots":{"index":"index","follow":"follow","max-snippet":"max-snippet:-1","max-image-preview":"max-image-preview:large","max-video-preview":"max-video-preview:-1"},"canonical":"https:\/\/www.ergowork.sk\/index.php\/na_stiahnutie\/","og_locale":"sk_SK","og_type":"article","og_title":"na_stiahnutie - Pracovn\u00e1 zdravotn\u00e1 slu\u017eba - ErgoWork s.r.o.","og_description":"\u010cl\u00e1nok nem\u00e1 zhrnutie, preto\u017ee je chr\u00e1nen\u00fd.","og_url":"https:\/\/www.ergowork.sk\/index.php\/na_stiahnutie\/","og_site_name":"Pracovn\u00e1 zdravotn\u00e1 slu\u017eba - ErgoWork s.r.o.","article_modified_time":"2021-11-26T17:05:13+00:00","twitter_card":"summary_large_image","twitter_misc":{"Predpokladan\u00fd \u010das \u010d\u00edtania":"1 min\u00fata"},"schema":{"@context":"https:\/\/schema.org","@graph":[{"@type":"WebPage","@id":"https:\/\/www.ergowork.sk\/index.php\/na_stiahnutie\/","url":"https:\/\/www.ergowork.sk\/index.php\/na_stiahnutie\/","name":"na_stiahnutie - Pracovn\u00e1 zdravotn\u00e1 slu\u017eba - ErgoWork s.r.o.","isPartOf":{"@id":"https:\/\/www.ergowork.sk\/#website"},"datePublished":"2021-11-26T16:04:57+00:00","dateModified":"2021-11-26T17:05:13+00:00","breadcrumb":{"@id":"https:\/\/www.ergowork.sk\/index.php\/na_stiahnutie\/#breadcrumb"},"inLanguage":"sk-SK"},{"@type":"WebSite","@id":"https:\/\/www.ergowork.sk\/#website","url":"https:\/\/www.ergowork.sk\/","name":"Pracovn\u00e1 zdravotn\u00e1 slu\u017eba - ErgoWork s.r.o.","description":"Pracovn\u00e1 zdravotn\u00e1 slu\u017eba - ErgoWork s.r.o.","publisher":{"@id":"https:\/\/www.ergowork.sk\/#organization"},"potentialAction":[{"@type":"SearchAction","target":{"@type":"EntryPoint","urlTemplate":"https:\/\/www.ergowork.sk\/?s={search_term_string}"},"query-input":"required name=search_term_string"}],"inLanguage":"sk-SK"},{"@type":"Organization","@id":"https:\/\/www.ergowork.sk\/#organization","name":"Pracovn\u00e1 zdravotn\u00e1 slu\u017eba - ErgoWork s.r.o.","url":"https:\/\/www.ergowork.sk\/","logo":{"@type":"ImageObject","inLanguage":"sk-SK","@id":"https:\/\/www.ergowork.sk\/#\/schema\/logo\/image\/","url":"https:\/\/www.ergowork.sk\/wp-content\/uploads\/2021\/11\/logo_ergo_.png","contentUrl":"https:\/\/www.ergowork.sk\/wp-content\/uploads\/2021\/11\/logo_ergo_.png","width":409,"height":183,"caption":"Pracovn\u00e1 zdravotn\u00e1 slu\u017eba - ErgoWork s.r.o."},"image":{"@id":"https:\/\/www.ergowork.sk\/#\/schema\/logo\/image\/"}}]}},"_links":{"self":[{"href":"https:\/\/www.ergowork.sk\/index.php\/wp-json\/wp\/v2\/pages\/928"}],"collection":[{"href":"https:\/\/www.ergowork.sk\/index.php\/wp-json\/wp\/v2\/pages"}],"about":[{"href":"https:\/\/www.ergowork.sk\/index.php\/wp-json\/wp\/v2\/types\/page"}],"author":[{"embeddable":true,"href":"https:\/\/www.ergowork.sk\/index.php\/wp-json\/wp\/v2\/users\/1"}],"replies":[{"embeddable":true,"href":"https:\/\/www.ergowork.sk\/index.php\/wp-json\/wp\/v2\/comments?post=928"}],"version-history":[{"count":6,"href":"https:\/\/www.ergowork.sk\/index.php\/wp-json\/wp\/v2\/pages\/928\/revisions"}],"predecessor-version":[{"id":980,"href":"https:\/\/www.ergowork.sk\/index.php\/wp-json\/wp\/v2\/pages\/928\/revisions\/980"}],"wp:attachment":[{"href":"https:\/\/www.ergowork.sk\/index.php\/wp-json\/wp\/v2\/media?parent=928"}],"curies":[{"name":"wp","href":"https:\/\/api.w.org\/{rel}","templated":true}]}}