{"id":1083,"date":"2022-02-07T19:32:58","date_gmt":"2022-02-07T18:32:58","guid":{"rendered":"https:\/\/www.ergowork.sk\/?page_id=1083"},"modified":"2022-02-07T19:34:26","modified_gmt":"2022-02-07T18:34:26","slug":"ochrana-osobnych-udajov","status":"publish","type":"page","link":"https:\/\/www.ergowork.sk\/index.php\/ochrana-osobnych-udajov\/","title":{"rendered":"Ochrana osobn\u00fdch \u00fadajov"},"content":{"rendered":"\t\t<div data-elementor-type=\"wp-page\" data-elementor-id=\"1083\" class=\"elementor elementor-1083\">\n\t\t\t\t\t\t<section class=\"elementor-section elementor-top-section elementor-element elementor-element-69e5074c elementor-section-boxed elementor-section-height-default elementor-section-height-default\" data-id=\"69e5074c\" data-element_type=\"section\">\n\t\t\t\t\t\t<div class=\"elementor-container elementor-column-gap-default\">\n\t\t\t\t\t<div class=\"elementor-column elementor-col-100 elementor-top-column elementor-element elementor-element-6e0cc0b4\" data-id=\"6e0cc0b4\" data-element_type=\"column\">\n\t\t\t<div class=\"elementor-widget-wrap elementor-element-populated\">\n\t\t\t\t\t\t<div class=\"elementor-element elementor-element-25070f42 elementor-widget elementor-widget-text-editor\" data-id=\"25070f42\" data-element_type=\"widget\" data-widget_type=\"text-editor.default\">\n\t\t\t\t<div class=\"elementor-widget-container\">\n\t\t\t\t\t\t\t<!-- wp:themeisle-blocks\/advanced-columns {\"id\":\"wp-block-themeisle-blocks-advanced-columns-4020aaec\"} -->\n<div class=\"wp-block-themeisle-blocks-advanced-columns has-undefined-columns has-desktop-undefined-layout has-tablet-equal-layout has-mobile-equal-layout has-default-gap has-vertical-unset\" id=\"wp-block-themeisle-blocks-advanced-columns-4020aaec\"><div class=\"wp-block-themeisle-blocks-advanced-columns-overlay\"><\/div><div class=\"innerblocks-wrap\"><\/div><\/div>\n<!-- \/wp:themeisle-blocks\/advanced-columns -->\t\t\t\t\t\t<\/div>\n\t\t\t\t<\/div>\n\t\t\t\t\t<\/div>\n\t\t<\/div>\n\t\t\t\t\t<\/div>\n\t\t<\/section>\n\t\t\t\t<section class=\"elementor-section elementor-top-section elementor-element elementor-element-6b095c9 elementor-section-boxed elementor-section-height-default elementor-section-height-default\" data-id=\"6b095c9\" data-element_type=\"section\">\n\t\t\t\t\t\t<div class=\"elementor-container elementor-column-gap-default\">\n\t\t\t\t\t<div class=\"elementor-column elementor-col-100 elementor-top-column elementor-element elementor-element-dada27f\" data-id=\"dada27f\" data-element_type=\"column\">\n\t\t\t<div class=\"elementor-widget-wrap elementor-element-populated\">\n\t\t\t\t\t\t<div class=\"elementor-element elementor-element-83c5c5e elementor-widget elementor-widget-text-editor\" data-id=\"83c5c5e\" data-element_type=\"widget\" data-widget_type=\"text-editor.default\">\n\t\t\t\t<div class=\"elementor-widget-container\">\n\t\t\t\t\t\t\t<div>\n<div>\n<h4>OZN\u00c1MENIE O SPRACOVAN\u00cd A UCHOV\u00c1VAN\u00cd OSOBN\u00ddCH \u00daDAJOV<\/h4>\n<\/div>\n<\/div>\n<div>\n<div>\n<p>Ochrana a spracovanie osobn\u00fdch \u00fadajov pre na\u0161u spolo\u010dnos\u0165 ve\u013emi d\u00f4le\u017eit\u00e1. Preto sme aktualizovali pravidl\u00e1, ktor\u00e9 upravuj\u00fa pr\u00e1cu s osobn\u00fdmi \u00fadajmi tak, aby sp\u013a\u0148ali nov\u00e9 nariadenie Eur\u00f3pskej \u00fanie o ochrane osobn\u00fdch \u00fadajov (GDPR), pri\u010dom s\u00fa v s\u00falade so Z\u00e1konom \u010d. 18\/2018 Z.z. v znen\u00ed neskor\u0161\u00edch predpisov.<\/p>\n<p>\u00a0<\/p>\n<\/div>\n<\/div>\n<div>\n<div>\n<h4>1. VYMEDZENIE POJMOV<\/h4>\n<\/div>\n<\/div>\n<div>\n<div>\n<p><b>a)\u00a0<\/b>Prev\u00e1dzkovate\u013e \u2013 fyzick\u00e1 alebo pr\u00e1vnick\u00e1 osoba, ktor\u00e1 spracov\u00e1va a uchov\u00e1va osobn\u00e9 \u00fadaje.<\/p>\n<p><b>b)\u00a0<\/b>Dotknut\u00e1 osoba \u2013 je ka\u017ed\u00e1 fyzick\u00e1 osoba, ktorej sa osobn\u00e9 \u00fadaje t\u00fdkaj\u00fa. Dotknutou osobou m\u00f4\u017ee by\u0165 v\u00fdlu\u010dne len fyzick\u00e1 osoba \u2013 jednotlivec; nie je pritom rozhoduj\u00face, \u010di ide o ob\u010dana Slovenskej republiky alebo cudzinca. Dotknutou osobou nie je pr\u00e1vnick\u00e1 osoba ako ani fyzick\u00e1 osoba \u2013 podnikate\u013e pri v\u00fdkone podnikate\u013eskej \u010dinnosti.<\/p>\n<p><b>c)\u00a0<\/b>Osobn\u00fd \u00fadaj \u2013 Osobn\u00fdmi \u00fadajmi s\u00fa \u00fadaje t\u00fdkaj\u00face sa identifikovanej fyzickej osoby alebo identifikovate\u013enej fyzickej osoby, ktor\u00fa mo\u017eno identifikova\u0165 priamo alebo nepriamo, najm\u00e4 na z\u00e1klade v\u0161eobecne pou\u017eite\u013en\u00e9ho identifik\u00e1tora,in\u00e9hoidentifik\u00e1tora,akojenapr\u00edkladmeno,priezvisko,identifika\u010dn\u00e9 \u010d\u00edslo, lokaliza\u010dn\u00e9 \u00fadaje, alebo online identifik\u00e1tor, alebo na z\u00e1klade jednej alebo viacer\u00fdch charakterist\u00edk alebo znakov, ktor\u00e9 tvoria jej fyzick\u00fa identitu, fyziologick\u00fa identitu, genetick\u00fa identitu, psychick\u00fa identitu, ment\u00e1lnu identitu, ekonomick\u00fa identitu, kult\u00farnu identitu alebo soci\u00e1lnu identitu.<\/p>\n<p>\u00a0<\/p>\n<\/div>\n<\/div>\n<div>\n<div>\n<h4>2. Z\u00c1KLADN\u00c9 USTANOVENIA<\/h4>\n<\/div>\n<\/div>\n<div>\n<div>\n<p><b>a)\u00a0<\/b>Prev\u00e1dzkovate\u013eom osobn\u00fdch \u00fadajov pod\u013ea z\u00e1kona \u010d. 18\/2018 Z.z. o Ochrane osobn\u00fdch<\/p>\n<p>\u00fadajov v znen\u00ed neskor\u0161\u00edch predpisov (\u010falej len z\u00e1kon) je spolo\u010dnos\u0165 J\u00e1n Meli\u0161ko \u2013 MeliTech so s\u00eddlom Ul. V. Benedikta 22\/1,\u00a0 Prievidza 971 01, I\u010cO 50 206 648.<\/p>\n<ol>\n<li>b) Kontaktn\u00e9 \u00fadaje: Ul. V. Benedikta 22\/1, Prievidza 971 01, Tel. \u010d.: 0904 487 654, www.melitech.sk (kontaktn\u00fd formul\u00e1r). Kontaktn\u00e1 osoba pre agendu Ochrany osobn\u00fdch \u00fadajov je J\u00e1n Meli\u0161ko, e-mail: melitech@melitech.<\/li>\n<\/ol>\n<\/div>\n<\/div>\n<div>\n<div>\n<h4>3. ZDROJE A Z\u00c1KONN\u00c9 D\u00d4VODY SPRACOVANIA OSOBN\u00ddCH \u00daDAJOV<\/h4>\n<\/div>\n<\/div>\n<div>\n<div>\n<p>Prev\u00e1dzkovate\u013e spracov\u00e1va a uchov\u00e1va osobn\u00e9 \u00fadaje, ktor\u00e9 mu boli poskytnut\u00e9 na z\u00e1klade s\u00fahlasu dotknutej osoby, ktor\u00fd je v\u00e1\u017eny a slobodne dan\u00fd, konkr\u00e9tny, informovan\u00fd a jednozna\u010dn\u00fd prejav v\u00f4le.<\/p>\n<p>Osobn\u00fdmi \u00fadajmi pre \u00fa\u010del a z\u00e1konn\u00fd d\u00f4vod spracovania s\u00fa najm\u00e4: meno, priezvisko, adresa, tel. \u010d\u00edslo, e-mail.<\/p>\n<p>Prev\u00e1dzkovate\u013e spracov\u00e1va osobn\u00e9 \u00fadaje zalo\u017een\u00e9 zmluvn\u00fdm vz\u0165ahom, objedn\u00e1vkou tovaru alebo slu\u017eby, vyu\u017e\u00edvan\u00edm n\u00e1strojov priameho marketingu, pri\u010dom z\u00e1konn\u00e9 d\u00f4vody spracovania osobn\u00fdch \u00fadajov vych\u00e1dzaj\u00fa z \u00a713, bod 1, p\u00edsm. a, b, c, d, e, f.<\/p>\n<p>\u00a0<\/p>\n<\/div>\n<\/div>\n<div>\n<div>\n<h4>4. OPR\u00c1VNEN\u00c9 Z\u00c1UJMY PRE SPRACOV\u00c1VANI OSOBN\u00ddCH \u00daDAJOV<\/h4>\n<\/div>\n<\/div>\n<div>\n<div>\n<p>Opr\u00e1vnen\u00fdm z\u00e1ujmom spolo\u010dnosti J\u00e1n Meli\u0161ko \u2013 MeliTech je ochrana zdravia, \u017eivota alebo majetku dotknutej osoby alebo inej fyzickej osoby (pod\u013ea \u00a713, p\u00edsm. d).<\/p>\n<p>\u00a0<\/p>\n<\/div>\n<\/div>\n<div>\n<div>\n<h4>5. DOBA UCHOV\u00c1VANIA OSOBN\u00ddCH \u00daDAJOV<\/h4>\n<\/div>\n<\/div>\n<div>\n<div>\n<p>Prev\u00e1dzkovate\u013e uchov\u00e1va osobn\u00e9 \u00fadaje dotknut\u00fdch os\u00f4b len po dobu:<\/p>\n<ol>\n<li><b>a)\u00a0<\/b>platnosti zmluvn\u00fdch vz\u0165ahov medzi dotknutou osobou a prev\u00e1dzkovate\u013eom,<\/li>\n<li><b>b)\u00a0<\/b>platnosti s\u00fahlasu dan\u00e9ho dotknutou osobou<\/li>\n<\/ol>\n<p>Prev\u00e1dzkovate\u013e sa zav\u00e4zuje, \u017ee po uplynut\u00ed doby uchov\u00e1vania osobn\u00fdch \u00fadajov, tieto \u00fadaje zlikviduje tak v automatizovanej ako i neautomatizovanej forme.<\/p>\n<p>\u00a0<\/p>\n<\/div>\n<\/div>\n<div>\n<div>\n<h4>6. PR\u00c1VA DOTKNUTEJ OSOBY<\/h4>\n<\/div>\n<\/div>\n<div>\n<div>\n<p><b>a)\u00a0<\/b>pr\u00e1vo na pr\u00edstup k osobn\u00fdm \u00fadajom (\u00a721),<\/p>\n<p><b>b)\u00a0<\/b>pr\u00e1vo na opravu osobn\u00fdch \u00fadajov (\u00a722),<\/p>\n<p><b>c)\u00a0<\/b>pr\u00e1vo na v\u00fdmaz osobn\u00fdch \u00fadajov (\u00a723),<\/p>\n<p><b>d)\u00a0<\/b>pr\u00e1vo na obmedzenie sprac\u00favania osobn\u00fdch \u00fadajov (\u00a724),<\/p>\n<p><b>e)\u00a0<\/b>pr\u00e1vo na oznamovaciu povinnos\u0165 zo strany prev\u00e1dzkovate\u013ea (\u00a725),<\/p>\n<p><b>f)\u00a0<\/b>pr\u00e1vo na prenosnos\u0165 osobn\u00fdch \u00fadajov (\u00a726),<\/p>\n<p><b>g)\u00a0<\/b>pr\u00e1vo namieta\u0165 sprac\u00favanie osobn\u00fdch \u00fadajov (\u00a727),<\/p>\n<p><b>h)\u00a0<\/b>pr\u00e1vo poda\u0165 s\u0165a\u017enos\u0165 na \u00darad pre ochranu osobn\u00fdch \u00fadajov v pr\u00edpade, ak je podozrenie, \u017ee bolo poru\u0161en\u00e9 pr\u00e1vo na ochranu osobn\u00fdch \u00fadajov.<\/p>\n<p>\u00a0<\/p>\n<\/div>\n<\/div>\n<div>\n<div>\n<h4>7. ZABEZPE\u010cENIE OSOBN\u00ddCH \u00daDAJOV<\/h4>\n<\/div>\n<\/div>\n<div>\n<div>\n<p>Prev\u00e1dzkovate\u013e vyhlasuje, \u017ee s\u00fa prijat\u00e9 v\u0161etky opatrenia potrebn\u00e9 k ochrane osobn\u00fdch \u00fadajov, a to najm\u00e4:<\/p>\n<ol>\n<li><b>a)\u00a0<\/b>Technick\u00e9 opatrenia \u2013 zabezpe\u010denie objektu a d\u00e1tov\u00fdch \u00falo\u017e\u00edsk,<\/li>\n<li><b>b)\u00a0<\/b>Organiza\u010dn\u00e9 opatrenia \u2013 uzamykate\u013en\u00e9 kartot\u00e9ky, u\u017e\u00edvate\u013esk\u00e9 pr\u00edstupy<\/li>\n<\/ol>\n<p>Prev\u00e1dzkovate\u013e z\u00e1rove\u0148 vyhlasuje, \u017ee osobn\u00e9 \u00fadaje s\u00fa spr\u00edstupnen\u00e9 len n\u00edm poveren\u00e9 osoby.<\/p>\n<p>\u00a0<\/p>\n<\/div>\n<\/div>\n<div>\n<div>\n<h4>8. Z\u00c1VERE\u010cN\u00c9 USTANOVENIA<\/h4>\n<\/div>\n<\/div>\n<div>\n<div>\n<p>Tento dokument vstupuje do platnosti 1.1.2022.<\/p>\n<\/div>\n<\/div>\t\t\t\t\t\t<\/div>\n\t\t\t\t<\/div>\n\t\t\t\t\t<\/div>\n\t\t<\/div>\n\t\t\t\t\t<\/div>\n\t\t<\/section>\n\t\t\t\t<\/div>\n\t\t","protected":false},"excerpt":{"rendered":"<p>OZN\u00c1MENIE O SPRACOVAN\u00cd A UCHOV\u00c1VAN\u00cd OSOBN\u00ddCH \u00daDAJOV Ochrana a spracovanie osobn\u00fdch \u00fadajov pre na\u0161u spolo\u010dnos\u0165 ve\u013emi d\u00f4le\u017eit\u00e1. Preto sme aktualizovali pravidl\u00e1, ktor\u00e9 upravuj\u00fa pr\u00e1cu s&hellip;<\/p>\n","protected":false},"author":1,"featured_media":0,"parent":0,"menu_order":0,"comment_status":"closed","ping_status":"closed","template":"","meta":{"_mi_skip_tracking":false},"yoast_head":"<!-- This site is optimized with the Yoast SEO plugin v21.1 - https:\/\/yoast.com\/wordpress\/plugins\/seo\/ -->\n<title>Ochrana osobn\u00fdch \u00fadajov - Pracovn\u00e1 zdravotn\u00e1 slu\u017eba - ErgoWork s.r.o.<\/title>\n<meta name=\"robots\" content=\"index, follow, max-snippet:-1, max-image-preview:large, max-video-preview:-1\" \/>\n<link rel=\"canonical\" href=\"https:\/\/www.ergowork.sk\/index.php\/ochrana-osobnych-udajov\/\" \/>\n<meta property=\"og:locale\" content=\"sk_SK\" \/>\n<meta property=\"og:type\" content=\"article\" \/>\n<meta property=\"og:title\" content=\"Ochrana osobn\u00fdch \u00fadajov - Pracovn\u00e1 zdravotn\u00e1 slu\u017eba - ErgoWork s.r.o.\" \/>\n<meta property=\"og:description\" content=\"OZN\u00c1MENIE O SPRACOVAN\u00cd A UCHOV\u00c1VAN\u00cd OSOBN\u00ddCH \u00daDAJOV Ochrana a spracovanie osobn\u00fdch \u00fadajov pre na\u0161u spolo\u010dnos\u0165 ve\u013emi d\u00f4le\u017eit\u00e1. Preto sme aktualizovali pravidl\u00e1, ktor\u00e9 upravuj\u00fa pr\u00e1cu s&hellip;\" \/>\n<meta property=\"og:url\" content=\"https:\/\/www.ergowork.sk\/index.php\/ochrana-osobnych-udajov\/\" \/>\n<meta property=\"og:site_name\" content=\"Pracovn\u00e1 zdravotn\u00e1 slu\u017eba - ErgoWork s.r.o.\" \/>\n<meta property=\"article:modified_time\" content=\"2022-02-07T18:34:26+00:00\" \/>\n<meta name=\"twitter:card\" content=\"summary_large_image\" \/>\n<meta name=\"twitter:label1\" content=\"Predpokladan\u00fd \u010das \u010d\u00edtania\" \/>\n\t<meta name=\"twitter:data1\" content=\"4 min\u00faty\" \/>\n<script type=\"application\/ld+json\" class=\"yoast-schema-graph\">{\"@context\":\"https:\/\/schema.org\",\"@graph\":[{\"@type\":\"WebPage\",\"@id\":\"https:\/\/www.ergowork.sk\/index.php\/ochrana-osobnych-udajov\/\",\"url\":\"https:\/\/www.ergowork.sk\/index.php\/ochrana-osobnych-udajov\/\",\"name\":\"Ochrana osobn\u00fdch \u00fadajov - Pracovn\u00e1 zdravotn\u00e1 slu\u017eba - ErgoWork s.r.o.\",\"isPartOf\":{\"@id\":\"https:\/\/www.ergowork.sk\/#website\"},\"datePublished\":\"2022-02-07T18:32:58+00:00\",\"dateModified\":\"2022-02-07T18:34:26+00:00\",\"breadcrumb\":{\"@id\":\"https:\/\/www.ergowork.sk\/index.php\/ochrana-osobnych-udajov\/#breadcrumb\"},\"inLanguage\":\"sk-SK\",\"potentialAction\":[{\"@type\":\"ReadAction\",\"target\":[\"https:\/\/www.ergowork.sk\/index.php\/ochrana-osobnych-udajov\/\"]}]},{\"@type\":\"BreadcrumbList\",\"@id\":\"https:\/\/www.ergowork.sk\/index.php\/ochrana-osobnych-udajov\/#breadcrumb\",\"itemListElement\":[{\"@type\":\"ListItem\",\"position\":1,\"name\":\"Home\",\"item\":\"https:\/\/www.ergowork.sk\/\"},{\"@type\":\"ListItem\",\"position\":2,\"name\":\"Ochrana osobn\u00fdch \u00fadajov\"}]},{\"@type\":\"WebSite\",\"@id\":\"https:\/\/www.ergowork.sk\/#website\",\"url\":\"https:\/\/www.ergowork.sk\/\",\"name\":\"Pracovn\u00e1 zdravotn\u00e1 slu\u017eba - ErgoWork s.r.o.\",\"description\":\"Pracovn\u00e1 zdravotn\u00e1 slu\u017eba - ErgoWork s.r.o.\",\"publisher\":{\"@id\":\"https:\/\/www.ergowork.sk\/#organization\"},\"potentialAction\":[{\"@type\":\"SearchAction\",\"target\":{\"@type\":\"EntryPoint\",\"urlTemplate\":\"https:\/\/www.ergowork.sk\/?s={search_term_string}\"},\"query-input\":\"required name=search_term_string\"}],\"inLanguage\":\"sk-SK\"},{\"@type\":\"Organization\",\"@id\":\"https:\/\/www.ergowork.sk\/#organization\",\"name\":\"Pracovn\u00e1 zdravotn\u00e1 slu\u017eba - ErgoWork s.r.o.\",\"url\":\"https:\/\/www.ergowork.sk\/\",\"logo\":{\"@type\":\"ImageObject\",\"inLanguage\":\"sk-SK\",\"@id\":\"https:\/\/www.ergowork.sk\/#\/schema\/logo\/image\/\",\"url\":\"https:\/\/www.ergowork.sk\/wp-content\/uploads\/2021\/11\/logo_ergo_.png\",\"contentUrl\":\"https:\/\/www.ergowork.sk\/wp-content\/uploads\/2021\/11\/logo_ergo_.png\",\"width\":409,\"height\":183,\"caption\":\"Pracovn\u00e1 zdravotn\u00e1 slu\u017eba - ErgoWork s.r.o.\"},\"image\":{\"@id\":\"https:\/\/www.ergowork.sk\/#\/schema\/logo\/image\/\"}}]}<\/script>\n<!-- \/ Yoast SEO plugin. -->","yoast_head_json":{"title":"Ochrana osobn\u00fdch \u00fadajov - Pracovn\u00e1 zdravotn\u00e1 slu\u017eba - ErgoWork s.r.o.","robots":{"index":"index","follow":"follow","max-snippet":"max-snippet:-1","max-image-preview":"max-image-preview:large","max-video-preview":"max-video-preview:-1"},"canonical":"https:\/\/www.ergowork.sk\/index.php\/ochrana-osobnych-udajov\/","og_locale":"sk_SK","og_type":"article","og_title":"Ochrana osobn\u00fdch \u00fadajov - Pracovn\u00e1 zdravotn\u00e1 slu\u017eba - ErgoWork s.r.o.","og_description":"OZN\u00c1MENIE O SPRACOVAN\u00cd A UCHOV\u00c1VAN\u00cd OSOBN\u00ddCH \u00daDAJOV Ochrana a spracovanie osobn\u00fdch \u00fadajov pre na\u0161u spolo\u010dnos\u0165 ve\u013emi d\u00f4le\u017eit\u00e1. Preto sme aktualizovali pravidl\u00e1, ktor\u00e9 upravuj\u00fa pr\u00e1cu s&hellip;","og_url":"https:\/\/www.ergowork.sk\/index.php\/ochrana-osobnych-udajov\/","og_site_name":"Pracovn\u00e1 zdravotn\u00e1 slu\u017eba - ErgoWork s.r.o.","article_modified_time":"2022-02-07T18:34:26+00:00","twitter_card":"summary_large_image","twitter_misc":{"Predpokladan\u00fd \u010das \u010d\u00edtania":"4 min\u00faty"},"schema":{"@context":"https:\/\/schema.org","@graph":[{"@type":"WebPage","@id":"https:\/\/www.ergowork.sk\/index.php\/ochrana-osobnych-udajov\/","url":"https:\/\/www.ergowork.sk\/index.php\/ochrana-osobnych-udajov\/","name":"Ochrana osobn\u00fdch \u00fadajov - Pracovn\u00e1 zdravotn\u00e1 slu\u017eba - ErgoWork s.r.o.","isPartOf":{"@id":"https:\/\/www.ergowork.sk\/#website"},"datePublished":"2022-02-07T18:32:58+00:00","dateModified":"2022-02-07T18:34:26+00:00","breadcrumb":{"@id":"https:\/\/www.ergowork.sk\/index.php\/ochrana-osobnych-udajov\/#breadcrumb"},"inLanguage":"sk-SK","potentialAction":[{"@type":"ReadAction","target":["https:\/\/www.ergowork.sk\/index.php\/ochrana-osobnych-udajov\/"]}]},{"@type":"BreadcrumbList","@id":"https:\/\/www.ergowork.sk\/index.php\/ochrana-osobnych-udajov\/#breadcrumb","itemListElement":[{"@type":"ListItem","position":1,"name":"Home","item":"https:\/\/www.ergowork.sk\/"},{"@type":"ListItem","position":2,"name":"Ochrana osobn\u00fdch \u00fadajov"}]},{"@type":"WebSite","@id":"https:\/\/www.ergowork.sk\/#website","url":"https:\/\/www.ergowork.sk\/","name":"Pracovn\u00e1 zdravotn\u00e1 slu\u017eba - ErgoWork s.r.o.","description":"Pracovn\u00e1 zdravotn\u00e1 slu\u017eba - ErgoWork s.r.o.","publisher":{"@id":"https:\/\/www.ergowork.sk\/#organization"},"potentialAction":[{"@type":"SearchAction","target":{"@type":"EntryPoint","urlTemplate":"https:\/\/www.ergowork.sk\/?s={search_term_string}"},"query-input":"required name=search_term_string"}],"inLanguage":"sk-SK"},{"@type":"Organization","@id":"https:\/\/www.ergowork.sk\/#organization","name":"Pracovn\u00e1 zdravotn\u00e1 slu\u017eba - ErgoWork s.r.o.","url":"https:\/\/www.ergowork.sk\/","logo":{"@type":"ImageObject","inLanguage":"sk-SK","@id":"https:\/\/www.ergowork.sk\/#\/schema\/logo\/image\/","url":"https:\/\/www.ergowork.sk\/wp-content\/uploads\/2021\/11\/logo_ergo_.png","contentUrl":"https:\/\/www.ergowork.sk\/wp-content\/uploads\/2021\/11\/logo_ergo_.png","width":409,"height":183,"caption":"Pracovn\u00e1 zdravotn\u00e1 slu\u017eba - ErgoWork s.r.o."},"image":{"@id":"https:\/\/www.ergowork.sk\/#\/schema\/logo\/image\/"}}]}},"_links":{"self":[{"href":"https:\/\/www.ergowork.sk\/index.php\/wp-json\/wp\/v2\/pages\/1083"}],"collection":[{"href":"https:\/\/www.ergowork.sk\/index.php\/wp-json\/wp\/v2\/pages"}],"about":[{"href":"https:\/\/www.ergowork.sk\/index.php\/wp-json\/wp\/v2\/types\/page"}],"author":[{"embeddable":true,"href":"https:\/\/www.ergowork.sk\/index.php\/wp-json\/wp\/v2\/users\/1"}],"replies":[{"embeddable":true,"href":"https:\/\/www.ergowork.sk\/index.php\/wp-json\/wp\/v2\/comments?post=1083"}],"version-history":[{"count":4,"href":"https:\/\/www.ergowork.sk\/index.php\/wp-json\/wp\/v2\/pages\/1083\/revisions"}],"predecessor-version":[{"id":1087,"href":"https:\/\/www.ergowork.sk\/index.php\/wp-json\/wp\/v2\/pages\/1083\/revisions\/1087"}],"wp:attachment":[{"href":"https:\/\/www.ergowork.sk\/index.php\/wp-json\/wp\/v2\/media?parent=1083"}],"curies":[{"name":"wp","href":"https:\/\/api.w.org\/{rel}","templated":true}]}}